{"id":13,"date":"2016-07-29T10:49:19","date_gmt":"2016-07-29T14:49:19","guid":{"rendered":"https:\/\/rpm.religion.utoronto.ca\/?page_id=13"},"modified":"2016-09-16T10:13:13","modified_gmt":"2016-09-16T14:13:13","slug":"workshop-schedule","status":"publish","type":"page","link":"https:\/\/rpm.religion.utoronto.ca\/index.php\/workshop-schedule\/","title":{"rendered":"Workshop Schedule"},"content":{"rendered":"<h3><strong>Sites of Memory: <span style=\"color: #808080\">Religion, Multiculturalism, and the Demands of the Past<\/span><\/strong><\/h3>\n<h5>University of Toronto, September 15-17, 2016<\/h5>\n<p>&nbsp;<\/p>\n<hr \/>\n<h3 style=\"text-align: center\"><span style=\"color: #993366\"><strong>Overview<\/strong><\/span><\/h3>\n<hr \/>\n<h4><span style=\"color: #808080\"><strong>Thursday, September 15<\/strong><\/span><\/h4>\n<p><strong>Graduate Student Workshop<\/strong>: <strong><span style=\"color: #808080\">9:00am \u2013 5:00pm<\/span><\/strong>,\u00a0University College, Room 240 (15 King&#8217;s College Circle).\u00a0*<em>Lunch provided at nearby Massey College.<\/em><br \/>\n<strong>Welcome Lecture<\/strong>: <strong><span style=\"color: #808080\">5.30pm \u2013 7:00pm<\/span><\/strong>, Jackman Humanities Building, Room 100\u00a0(170 St. George Street, 1st\u00a0Floor).<br \/>\n<strong>Group Dinner<\/strong>:\u00a0<strong><span style=\"color: #808080\">7.30pm<\/span><\/strong>\u00a0(location in printed program).<\/p>\n<hr \/>\n<h4><span style=\"color: #808080\"><strong>Friday, September 16<\/strong><\/span><\/h4>\n<p><strong>Workshop Panels #1-3<\/strong>: <strong><span style=\"color: #808080\">9:30am \u2013 5:30pm<\/span><\/strong>, Jackman Humanities Institute, Jackman Humanities Building (170 St. George Street, 10th\u00a0Floor).\u00a0<em>*Lunch provided on-site.<\/em><br \/>\n<strong>Group Dinner<\/strong>: <strong><span style=\"color: #808080\">6.30pm\u00a0<\/span><\/strong>(location will be announced at the event).<\/p>\n<hr \/>\n<h4><span style=\"color: #808080\"><strong>Saturday, September 17<\/strong><\/span><\/h4>\n<p><strong>Workshop Panels #4-6<\/strong>: <strong><span style=\"color: #808080\">9:30am \u2013 5:30pm<\/span><\/strong>, Department for the Study of Religion, Jackman Humanities Building, Room 318 (170 St. George Street, 3rd Floor). <em>*Lunch provided on-site.<\/em><\/p>\n<p>&nbsp;<\/p>\n<hr \/>\n<h3 style=\"text-align: center\"><span style=\"color: #993366\"><strong>Full Program<\/strong><\/span><\/h3>\n<hr \/>\n<h2 style=\"text-align: center\">\u00a0Thursday, September 15, 2016<\/h2>\n<table style=\"height: 3268px\" width=\"700\">\n<tbody>\n<tr>\n<td colspan=\"3\" width=\"485\">\n<h2 style=\"text-align: center\"><span style=\"color: #808080\"><strong>Graduate Student Workshop<\/strong><\/span><\/h2>\n<p style=\"text-align: center\">University College, Room 240<br \/>\n15 King\u2019s College Circle<\/p>\n<\/td>\n<\/tr>\n<tr>\n<td width=\"83\"><strong>9:00-9:15<\/strong><\/td>\n<td colspan=\"2\" width=\"402\"><strong>Introductory Remarks &amp; Moderator Introductions <\/strong><\/td>\n<\/tr>\n<tr>\n<td width=\"83\"><strong>9:15 \u201310:45<\/strong><\/td>\n<td colspan=\"2\" width=\"402\"><strong>Session 1: Landscapes of Memory<\/strong><\/td>\n<\/tr>\n<tr>\n<td width=\"83\"><span style=\"color: #808080\">\u00a0<\/span><\/td>\n<td colspan=\"2\" width=\"402\"><em><span style=\"color: #808080\">How do places communicate, obfuscate, illustrate the past?<\/span><\/em><\/td>\n<\/tr>\n<tr>\n<td width=\"83\"><\/td>\n<td colspan=\"2\" width=\"402\"><strong>Kaleigh McLelland<\/strong>, Study of Religion, University of Toronto<br \/>\n<a href=\"https:\/\/rpm.religion.utoronto.ca\/index.php\/kaleigh-mclelland\/\">Remembering through Space and Story: Narratives of Colonial\u00a0Martyrdom<\/a><\/p>\n<p><strong>Ashley Morford<\/strong>, English &amp; Book History, University of Toronto<br \/>\n<a href=\"https:\/\/rpm.religion.utoronto.ca\/index.php\/ashley-morford\/\">Decolonizing Coast Salish Territory through Pauline Johnson\u2019s Legends\u00a0of Vancouver<\/a><\/p>\n<p><strong>Judith Ellen Brunton<\/strong>, Study of Religion, University of Toronto<br \/>\n<a href=\"https:\/\/rpm.religion.utoronto.ca\/index.php\/judith-ellen-brunton\/\">Centennial Sightseeing for the Canadian Multicultural: Imperial Oil\u00a0Contributions and Maps<\/a><\/p>\n<p><strong>Misia Robins<\/strong>, York University<br \/>\n<a href=\"https:\/\/rpm.religion.utoronto.ca\/index.php\/misia-robins\/\">Reviving Civic Boosterism in Prince Rupert<\/a><\/td>\n<\/tr>\n<tr>\n<td width=\"83\"><strong>10:45-11:00<\/strong><\/td>\n<td colspan=\"2\" width=\"402\">Break<\/td>\n<\/tr>\n<tr>\n<td width=\"83\"><strong>11:00-12:25<\/strong><\/td>\n<td colspan=\"2\" width=\"402\"><strong>Session 2: The (Un)known Archival Memory<\/strong><\/td>\n<\/tr>\n<tr>\n<td width=\"83\"><strong>\u00a0<\/strong><\/td>\n<td colspan=\"2\" width=\"402\"><em><span style=\"color: #808080\">How do scholars work with the allure of secrets and mysteries in addressing their publics?<\/span><\/em><\/td>\n<\/tr>\n<tr>\n<td width=\"83\"><\/td>\n<td colspan=\"2\" width=\"402\"><strong>Annie Heckman<\/strong>, Study of Religion, University of Toronto<br \/>\n<a href=\"https:\/\/rpm.religion.utoronto.ca\/index.php\/annie-heckman\/\">Curious Gifts: A Tibetan Prayer Wheel and Material Canon at the Royal\u00a0Ontario Museum<\/a><\/p>\n<p><strong>Gregory Fewster<\/strong>, Study of Religion &amp; Book History, University of\u00a0Toronto<br \/>\n<a href=\"https:\/\/rpm.religion.utoronto.ca\/index.php\/gregory-fewster\/\">Lost Books, Vanished Gospels, or, How Can We Analyze Missing Sites\u00a0of Memory?<\/a><\/p>\n<p><strong>Justin Stein<\/strong>, Study of Religion, University of Toronto<br \/>\n<a href=\"https:\/\/rpm.religion.utoronto.ca\/index.php\/justin-stein-working-essay\/\">Sacred Secrets in a Public Archive: Reiki Symbols and the Hawayo\u00a0Takata Archive<\/a><\/td>\n<\/tr>\n<tr>\n<td width=\"83\"><strong>12:30-2:00<\/strong><\/td>\n<td colspan=\"2\" width=\"402\"><strong>Lunch at nearby Massey College<\/strong><\/td>\n<\/tr>\n<tr>\n<td width=\"83\"><strong>2:15-3:30<\/strong><\/td>\n<td colspan=\"2\" width=\"402\"><strong>Session 3: Infrastructures of Ideology<\/strong><\/td>\n<\/tr>\n<tr>\n<td width=\"83\"><\/td>\n<td colspan=\"2\" width=\"402\"><em><span style=\"color: #808080\">How do systems carry pasts and futures?<\/span><\/em><\/td>\n<\/tr>\n<tr>\n<td width=\"83\"><\/td>\n<td colspan=\"2\" width=\"402\"><strong>Ayan Kassim<\/strong>, Study of Religion, University of Toronto<br \/>\n<a href=\"https:\/\/rpm.religion.utoronto.ca\/index.php\/ayan-kassim\/\">Racializing Non-Consent: Exploring the Racial and Religious Dynamics of Organ Donation Promotion in the Greater Toronto Area<\/a><\/p>\n<p><strong>Lukas Feilen<\/strong>, University of T\u00fcbingen<br \/>\n<a href=\"https:\/\/rpm.religion.utoronto.ca\/index.php\/lukas-feilen\/\">Science Adapting to Multiculturalism: Practices of Internationalization\u00a0in the Everyday Life of a Research Institute<\/a><\/p>\n<p><strong>Roxanne Korpan<\/strong>, Study of Religion, University of Toronto<br \/>\n<a href=\"https:\/\/rpm.religion.utoronto.ca\/index.php\/roxanne-korpan\/\">Sacred and Secular Sex Ed: Historicizing the Debate Over Ontario\u2019s Sexual Education Curriculum<\/a><\/td>\n<\/tr>\n<tr>\n<td width=\"83\"><strong>3:30-3:45<\/strong><\/td>\n<td colspan=\"2\" width=\"402\">Break<\/td>\n<\/tr>\n<tr>\n<td width=\"83\"><strong>3:45-5:00<\/strong><\/td>\n<td colspan=\"2\" width=\"402\"><strong>Session 4: Mediating the Past<\/strong><\/td>\n<\/tr>\n<tr>\n<td width=\"83\"><strong>\u00a0<\/strong><\/td>\n<td colspan=\"2\" width=\"402\"><em><span style=\"color: #808080\">How do specific sites and modes of mediation construct difference and continuity?<\/span><\/em><\/td>\n<\/tr>\n<tr>\n<td width=\"83\"><\/td>\n<td colspan=\"2\" width=\"402\"><strong>Raphael Reichel<\/strong>, University of T\u00fcbingen<br \/>\n<a href=\"https:\/\/rpm.religion.utoronto.ca\/index.php\/raphael-reichel\/\">\u201cWhen you cross this threshold, you\u2019re in Germany!\u201d \u2013 Sites of Memory Among German Men Living in Thailand<\/a><\/p>\n<p><strong>Suzanne van Geuns<\/strong>, Study of Religion, University of Toronto<br \/>\n<a href=\"https:\/\/rpm.religion.utoronto.ca\/index.php\/suzanne-van-geuns\/\">Grieving June Cleaver: Whiteness and Fifties Nostalgia in Biblical\u00a0Womanhood Blogging<\/a><\/p>\n<p><strong>Helen Ahner<\/strong>, University of T\u00fcbingen<br \/>\n<a href=\"https:\/\/rpm.religion.utoronto.ca\/index.php\/helen-ahner\/\">Drink to Remember: When Cuba\u00a0Libre Becomes a Site of Memory and a Symbol of Everyday Multiculturalism<\/a><\/td>\n<\/tr>\n<tr>\n<td colspan=\"3\" width=\"485\">&nbsp;<\/p>\n<h2 style=\"text-align: center\"><span style=\"color: #808080\"><strong>Welcome Lecture<\/strong><\/span><\/h2>\n<p style=\"text-align: center\">Jackman Humanities Building, Room\u00a0100<br \/>\n170 St. George Street, 1st\u00a0Floor<\/p>\n<\/td>\n<\/tr>\n<tr>\n<td width=\"83\"><strong>5:30-7:00<\/strong><\/td>\n<td width=\"233\">\n<p class=\"p1\"><span class=\"s1\">Public lecture\u00a0\u2014\u00a0<strong>Sites of Memory: Religion and Erinnerungskultur in Canada and Germany<\/strong><\/span><\/p>\n<\/td>\n<\/tr>\n<tr>\n<td width=\"83\"><\/td>\n<td width=\"233\"><strong>Pamela Klassen<\/strong>, University of Toronto<br \/>\n<strong>Monique Scheer<\/strong>, University of T\u00fcbingen<\/td>\n<\/tr>\n<tr>\n<td width=\"83\"><strong>7.:30pm<\/strong><\/td>\n<td width=\"233\"><strong>Group Dinner<\/strong> (location in printed program)<\/td>\n<\/tr>\n<\/tbody>\n<\/table>\n<p>&nbsp;<\/p>\n<h2 style=\"text-align: center\">Friday, September 16, 2016<\/h2>\n<table style=\"height: 1372px\" width=\"771\">\n<tbody>\n<tr>\n<td colspan=\"2\" width=\"485\">\n<h2 style=\"text-align: center\"><span style=\"color: #808080\"><strong>Sites of Memory Workshop Panels<\/strong><\/span><\/h2>\n<p style=\"text-align: center\">Jackman Humanities Institute at the\u00a0Jackman Humanities Building<br \/>\n170 St. George Street, 10th\u00a0Floor<\/p>\n<\/td>\n<\/tr>\n<tr>\n<td width=\"83\"><strong>9:30 \u201311:30am<\/strong><\/td>\n<td width=\"233\"><strong>Panel 1: <\/strong><strong>Rocks, Bones, and Statues<\/strong><\/td>\n<\/tr>\n<tr>\n<td width=\"83\"><strong>\u00a0<\/strong><\/td>\n<td width=\"233\"><span style=\"color: #808080\"><em>Moderated by\u00a0<strong>Pamela Klassen<\/strong>, University of Toronto<\/em><\/span><\/td>\n<\/tr>\n<tr>\n<td width=\"83\"><\/td>\n<td width=\"233\"><strong>Jean M. O\u2019Brien<\/strong>,\u00a0University of Minnesota\u00a0\u2014\u00a0<a href=\"https:\/\/rpm.religion.utoronto.ca\/index.php\/jean-obrien\/\">Memory Rocks<\/a><\/p>\n<p><strong>J. Barton Scott<\/strong>,\u00a0University of Toronto\u00a0\u2014\u00a0<a href=\"https:\/\/rpm.religion.utoronto.ca\/index.php\/j-barton-scott\/\">Rammohun Roy\u2019s Bones<\/a><\/p>\n<p><strong><strong>Lisa Blee<\/strong>, Wake Forest University \u2014\u00a0<\/strong><a href=\"https:\/\/rpm.religion.utoronto.ca\/index.php\/lisa-blee\/\">Souvenirs<\/a><\/td>\n<\/tr>\n<tr>\n<td width=\"83\"><strong>11:30am-1pm<\/strong><\/td>\n<td width=\"233\"><strong>Lunch provided on-site<\/strong><\/td>\n<\/tr>\n<tr>\n<td width=\"83\"><strong>1-3pm<\/strong><\/td>\n<td width=\"233\"><strong>Panel 2: Telling Memories<\/strong><\/td>\n<\/tr>\n<tr>\n<td width=\"83\"><\/td>\n<td width=\"233\"><span style=\"color: #808080\"><em>Moderated by\u00a0<strong>J. Barton Scott<\/strong>, University of Toronto<\/em><\/span><\/td>\n<\/tr>\n<tr>\n<td width=\"83\"><strong>\u00a0<\/strong><\/td>\n<td width=\"233\"><strong>Ju Hui Judy Han<\/strong>, University of Toronto\u00a0\u2014\u00a0<a href=\"https:\/\/rpm.religion.utoronto.ca\/index.php\/ju-hui-judy-han\/\">Yellow Ribbons<\/a><\/p>\n<p><strong>Cheryl Suzack<\/strong>, University of Toronto \u2014\u00a0<a href=\"https:\/\/rpm.religion.utoronto.ca\/index.php\/cheryl-suzack\/\">Storying Memory-Justice<\/a><\/p>\n<p><strong>Rebecca Wittman<\/strong>, University of Toronto \u2014\u00a0<a href=\"https:\/\/rpm.religion.utoronto.ca\/index.php\/rebecca-wittman\/\">Free-Floating Guilt<\/a><\/td>\n<\/tr>\n<tr>\n<td width=\"83\"><strong>3-3:30pm<\/strong><\/td>\n<td width=\"233\">Break<\/td>\n<\/tr>\n<tr>\n<td width=\"83\"><strong>3:30-5:30pm<\/strong><\/td>\n<td width=\"233\"><strong>Panel 3: <\/strong><strong>Bureaucratic Memories<\/strong><\/td>\n<\/tr>\n<tr>\n<td width=\"83\"><strong>\u00a0<\/strong><\/td>\n<td width=\"233\"><span style=\"color: #808080\"><em>Moderated by\u00a0<strong>Monique Scheer<\/strong>, University of T\u00fcbingen<\/em><\/span><\/td>\n<\/tr>\n<tr>\n<td width=\"83\"><\/td>\n<td width=\"233\"><strong>Avigail Eisenberg<\/strong>, University of Victoria \u2014\u00a0<a href=\"https:\/\/rpm.religion.utoronto.ca\/index.php\/avigail-eisenberg\/\">The Citizenship Handbook<\/a><\/p>\n<p><strong>Jennifer Selby<\/strong>, Memorial University \u2014\u00a0<a href=\"https:\/\/rpm.religion.utoronto.ca\/index.php\/jennifer-selby\/\">Wedding Dress\/Marriage License<\/a><\/p>\n<p><strong>Judith Weisenfeld<\/strong>, Princeton University \u2014\u00a0<a href=\"https:\/\/rpm.religion.utoronto.ca\/index.php\/judith-weisenfeld\/\">Petition for Naturalization<\/a><\/td>\n<\/tr>\n<tr>\n<td width=\"83\"><strong>6:30pm<\/strong><\/td>\n<td width=\"233\"><strong>Group Dinner<\/strong> (location will be announced at the event)<\/td>\n<\/tr>\n<\/tbody>\n<\/table>\n<p>&nbsp;<\/p>\n<h2 style=\"text-align: center\">Saturday, September 17, 2016<\/h2>\n<table style=\"height: 1372px\" width=\"771\">\n<tbody>\n<tr>\n<td colspan=\"2\" width=\"485\">\n<h2 style=\"text-align: center\"><span style=\"color: #808080\"><strong>Sites of Memory Workshop Panels<\/strong><\/span><\/h2>\n<p style=\"text-align: center\">Department for the Study of Religion at the\u00a0Jackman Humanities Building, Room 318<br \/>\n170 St. George Street, 3rd\u00a0Floor<\/p>\n<\/td>\n<\/tr>\n<tr>\n<td width=\"83\"><strong>9:30 \u201311:30am<\/strong><\/td>\n<td width=\"233\"><strong>Panel 4: <\/strong><strong>Communities of Memory<\/strong><\/td>\n<\/tr>\n<tr>\n<td width=\"83\"><strong>\u00a0<\/strong><\/td>\n<td width=\"233\"><span style=\"color: #808080\"><em>Moderated by\u00a0<strong>Sean Mills<\/strong>, University of Toronto<\/em><\/span><\/td>\n<\/tr>\n<tr>\n<td width=\"83\"><\/td>\n<td width=\"233\"><strong>Eugenia Kisin<\/strong>, New York University \u2014 <a href=\"https:\/\/rpm.religion.utoronto.ca\/index.php\/eugenia-kisin\/\">Walking with Our Sisters Project<\/a><\/p>\n<p><strong>Sivane Hirsch<\/strong>, Universit\u00e9 du Qu\u00e9bec \u00e0 Trois-Rivi\u00e8res \u2014 <a href=\"https:\/\/rpm.religion.utoronto.ca\/index.php\/sivane-hirsch\/\">Playing with Memory in Private Montreal Jewish Schools<\/a><\/p>\n<p><strong>Paul Bramadat<\/strong>, University of Victoria \u2014 <a href=\"https:\/\/rpm.religion.utoronto.ca\/index.php\/paul-bramadat\/\">Cascadia<\/a><\/td>\n<\/tr>\n<tr>\n<td width=\"83\"><strong>11:30am-1pm<\/strong><\/td>\n<td width=\"233\"><strong>Lunch provided on-site<\/strong><\/td>\n<\/tr>\n<tr>\n<td width=\"83\"><strong>1-3pm<\/strong><\/td>\n<td width=\"233\"><strong>Panel 5: Remembering in Place<\/strong><\/td>\n<\/tr>\n<tr>\n<td width=\"83\"><\/td>\n<td width=\"233\"><span style=\"color: #808080\"><em>Moderated by\u00a0<strong>Ju Hui Judy Han<\/strong>, University of Toronto<\/em><\/span><\/td>\n<\/tr>\n<tr>\n<td width=\"83\"><strong>\u00a0<\/strong><\/td>\n<td width=\"233\"><strong>Carol B. Duncan<\/strong>, Wilfrid Laurier University \u2014 <a href=\"https:\/\/rpm.religion.utoronto.ca\/index.php\/carol-duncan\/\">Sites of the Underground Railroad in Ontario<\/a><\/p>\n<p><strong>Yaniv Feller<\/strong>, Jewish Museum Berlin \u2014 <a href=\"https:\/\/rpm.religion.utoronto.ca\/index.php\/yaniv-feller\/\">A Portrait of Leo Baeck<\/a><\/p>\n<p><strong>Till Van Rahden<\/strong>, Universit\u00e9 de Montr\u00e9al \u2014 <a href=\"https:\/\/rpm.religion.utoronto.ca\/index.php\/till-van-rahden\/\">Marc Chagall\u2019s Stained Glass Windows in Mainz<\/a><\/td>\n<\/tr>\n<tr>\n<td width=\"83\"><strong>3-3:30pm<\/strong><\/td>\n<td width=\"233\">Break<\/td>\n<\/tr>\n<tr>\n<td width=\"83\"><strong>3:30-5:30pm<\/strong><\/td>\n<td width=\"233\"><strong>Panel 6: <\/strong><strong>Memories of Law<\/strong><\/td>\n<\/tr>\n<tr>\n<td width=\"83\"><strong>\u00a0<\/strong><\/td>\n<td width=\"233\"><span style=\"color: #808080\"><em>Moderated by\u00a0<strong>Benjamin Berger<\/strong>, Osgoode Hall Law School, York University<\/em><\/span><\/td>\n<\/tr>\n<tr>\n<td width=\"83\"><\/td>\n<td width=\"233\"><strong>Birgitte Scheperlern Johansen<\/strong>, University of Copenhagen \u2014 <a href=\"https:\/\/rpm.religion.utoronto.ca\/index.php\/birgitte-scheperlen-johansen\/\">Hate Crimes &amp; the Holocaust<\/a><\/p>\n<p><strong>Elizabeth Elbourne<\/strong>, McGill University \u2014 <a href=\"https:\/\/rpm.religion.utoronto.ca\/index.php\/elizabeth-elbourne\/\">The Haldimand Treaty<\/a><\/td>\n<\/tr>\n<\/tbody>\n<\/table>\n<hr \/>\n","protected":false},"excerpt":{"rendered":"<p>Sites of Memory: Religion, Multiculturalism, and the Demands of the Past University of Toronto, September 15-17, 2016 &nbsp; Overview Thursday, September 15 Graduate Student Workshop: 9:00am \u2013 5:00pm,\u00a0University College, Room 240 (15 King&#8217;s College Circle).\u00a0*Lunch provided at nearby Massey College. Welcome Lecture: 5.30pm \u2013 7:00pm, Jackman Humanities Building, Room 100\u00a0(170 St. George Street, 1st\u00a0Floor). Group [&hellip;]<\/p>\n","protected":false},"author":1,"featured_media":0,"parent":0,"menu_order":0,"comment_status":"closed","ping_status":"closed","template":"","meta":{"_genesis_hide_title":false,"_genesis_hide_breadcrumbs":false,"_genesis_hide_singular_image":false,"_genesis_hide_footer_widgets":false,"_genesis_custom_body_class":"","_genesis_custom_post_class":"","_genesis_layout":"","footnotes":""},"class_list":{"0":"post-13","1":"page","2":"type-page","3":"status-publish","5":"entry"},"_links":{"self":[{"href":"https:\/\/rpm.religion.utoronto.ca\/index.php\/wp-json\/wp\/v2\/pages\/13","targetHints":{"allow":["GET"]}}],"collection":[{"href":"https:\/\/rpm.religion.utoronto.ca\/index.php\/wp-json\/wp\/v2\/pages"}],"about":[{"href":"https:\/\/rpm.religion.utoronto.ca\/index.php\/wp-json\/wp\/v2\/types\/page"}],"author":[{"embeddable":true,"href":"https:\/\/rpm.religion.utoronto.ca\/index.php\/wp-json\/wp\/v2\/users\/1"}],"replies":[{"embeddable":true,"href":"https:\/\/rpm.religion.utoronto.ca\/index.php\/wp-json\/wp\/v2\/comments?post=13"}],"version-history":[{"count":115,"href":"https:\/\/rpm.religion.utoronto.ca\/index.php\/wp-json\/wp\/v2\/pages\/13\/revisions"}],"predecessor-version":[{"id":843,"href":"https:\/\/rpm.religion.utoronto.ca\/index.php\/wp-json\/wp\/v2\/pages\/13\/revisions\/843"}],"wp:attachment":[{"href":"https:\/\/rpm.religion.utoronto.ca\/index.php\/wp-json\/wp\/v2\/media?parent=13"}],"curies":[{"name":"wp","href":"https:\/\/api.w.org\/{rel}","templated":true}]}}